{"id":1605,"date":"2021-06-07T15:36:21","date_gmt":"2021-06-07T13:36:21","guid":{"rendered":"https:\/\/cmd.host7.sites-internet.info\/?page_id=1605"},"modified":"2021-09-10T17:35:11","modified_gmt":"2021-09-10T15:35:11","slug":"legal-notice","status":"publish","type":"page","link":"https:\/\/www.classical-music-digest.com\/en\/legal-notice\/","title":{"rendered":"Legal notice"},"content":{"rendered":"\t\t<div data-elementor-type=\"wp-page\" data-elementor-id=\"1605\" class=\"elementor elementor-1605 elementor-1600\" data-elementor-post-type=\"page\">\n\t\t\t\t\t\t<section class=\"elementor-section elementor-top-section elementor-element elementor-element-1aecf98 elementor-section-boxed elementor-section-height-default elementor-section-height-default\" data-id=\"1aecf98\" data-element_type=\"section\" data-e-type=\"section\">\n\t\t\t\t\t\t<div class=\"elementor-container elementor-column-gap-default\">\n\t\t\t\t\t<div class=\"elementor-column elementor-col-100 elementor-top-column elementor-element elementor-element-c9b0564\" data-id=\"c9b0564\" data-element_type=\"column\" data-e-type=\"column\">\n\t\t\t<div class=\"elementor-widget-wrap elementor-element-populated\">\n\t\t\t\t\t\t<div class=\"elementor-element elementor-element-9e336e9 elementor-widget elementor-widget-heading\" data-id=\"9e336e9\" data-element_type=\"widget\" data-e-type=\"widget\" data-widget_type=\"heading.default\">\n\t\t\t\t\t<h1 class=\"elementor-heading-title elementor-size-default\">LEGAL NOTICE<\/h1>\t\t\t\t<\/div>\n\t\t\t\t<div class=\"elementor-element elementor-element-b8ba17d elementor-widget elementor-widget-text-editor\" data-id=\"b8ba17d\" data-element_type=\"widget\" data-e-type=\"widget\" data-widget_type=\"text-editor.default\">\n\t\t\t\t\t\t\t\t\t<p>En application de la loi 2000-719 du 1er ao\u00fbt 2000 relative \u00e0 la libert\u00e9 de communication, modifiant la loi 86-1067 du 30 septembre 1986 relative \u00e0 la libert\u00e9 de communication, vous trouverez ci-dessous les informations l\u00e9gales concernant ce site :<\/p><p><strong>Gestion \u00e9ditoriale<\/strong><br \/>La gestion \u00e9ditoriale de ce site est assur\u00e9e par Christian de Lapeyriere.<\/p><p><strong>H\u00e9bergement<\/strong><br \/>le site classical-music-digest.com est h\u00e9berg\u00e9 par l&#8217;Agence Web <a href=\"https:\/\/www.dilogis.fr\" target=\"_blank\" rel=\"noopener\">DILOGIS<\/a> &#8211; 761 Avenue Jean Jaures &#8211; 77550 Moissy Cramayel\u00a0<\/p><p><strong>Graphisme &amp; d\u00e9veloppements<\/strong><br \/>La cr\u00e9ation graphique est de Ga\u00eblle Hillion.<\/p><p>les d\u00e9veloppements techniques sont assur\u00e9s par l&#8217;Agence Web Dilogis.<\/p><p><strong>Protection des donn\u00e9es personnelles<\/strong><br \/>Conform\u00e9ment \u00e0 la loi Informatique et Libert\u00e9s du 6 janvier 1978 (art. 34), vous disposez aupr\u00e8s de l&#8217;\u00e9diteur de ce site d&#8217;un droit d&#8217;acc\u00e8s, de rectification ou de suppression concernant les donn\u00e9es personnelles que nous pourrions \u00eatre amen\u00e9s \u00e0 recueillir (donn\u00e9es renseign\u00e9es par vous).<\/p><p><strong>Marques<\/strong><br \/>Toutes les marques cit\u00e9es ou utilis\u00e9es sur ce site sont la propri\u00e9t\u00e9 de leurs \u00e9diteurs respectifs.<\/p><p><strong>Droit d&#8217;auteur<\/strong><br \/>L&#8217;ensemble de ce site rel\u00e8ve de la l\u00e9gislation fran\u00e7aise et internationale sur le droit d&#8217;auteur et la propri\u00e9t\u00e9 intellectuelle. Tous les droits de reproduction sont r\u00e9serv\u00e9s, y compris pour les documents t\u00e9l\u00e9chargeables et les repr\u00e9sentations iconographiques et photographiques. La reproduction de tout ou partie de ce site sur quelque support que ce soit est formellement interdite sauf autorisation expresse de l&#8217;\u00e9diteur de ce site. Malgr\u00e9 tous les soins apport\u00e9s \u00e0 la r\u00e9alisation de ce site et \u00e0 son actualisation r\u00e9guli\u00e8re, des erreurs peuvent s&#8217;\u00eatre gliss\u00e9es dans les informations et\/ou documents pr\u00e9sent\u00e9s. Si vous en constatez n&#8217;h\u00e9sitez pas \u00e0 nous le faire savoir en contactant l&#8217;\u00e9diteur de ce site, nous proc\u00e9derons aux rectifications correspondantes.<\/p><p><strong>Liens<\/strong><br \/>Tout lien en direction de ce site doit faire l&#8217;objet d&#8217;une autorisation pr\u00e9alable \u00e9crite. L&#8217;\u00e9diteur de ce site d\u00e9cline toute responsabilit\u00e9 concernant le contenu de sites li\u00e9s \u00e0 ce site, et plus g\u00e9n\u00e9ralement du fait de ces liens.<\/p>\t\t\t\t\t\t\t\t<\/div>\n\t\t\t\t<div class=\"elementor-element elementor-element-9c148f7 elementor-widget elementor-widget-spacer\" data-id=\"9c148f7\" data-element_type=\"widget\" data-e-type=\"widget\" data-widget_type=\"spacer.default\">\n\t\t\t\t\t\t\t<div class=\"elementor-spacer\">\n\t\t\t<div class=\"elementor-spacer-inner\"><\/div>\n\t\t<\/div>\n\t\t\t\t\t\t<\/div>\n\t\t\t\t\t<\/div>\n\t\t<\/div>\n\t\t\t\t\t<\/div>\n\t\t<\/section>\n\t\t\t\t<\/div>\n\t\t","protected":false},"excerpt":{"rendered":"<p>LEGAL NOTICE En application de la loi 2000-719 du 1er ao\u00fbt 2000 relative \u00e0 la libert\u00e9 de communication, modifiant la loi 86-1067 du 30 septembre 1986 relative \u00e0 la libert\u00e9 de communication, vous trouverez ci-dessous les informations l\u00e9gales concernant ce site : Gestion \u00e9ditoriale La gestion \u00e9ditoriale de ce site est assur\u00e9e par Christian de [&hellip;]<\/p>\n","protected":false},"author":1,"featured_media":0,"parent":0,"menu_order":0,"comment_status":"closed","ping_status":"closed","template":"elementor_header_footer","meta":{"site-sidebar-layout":"no-sidebar","site-content-layout":"page-builder","ast-site-content-layout":"default","site-content-style":"default","site-sidebar-style":"default","ast-global-header-display":"","ast-banner-title-visibility":"","ast-main-header-display":"","ast-hfb-above-header-display":"","ast-hfb-below-header-display":"","ast-hfb-mobile-header-display":"","site-post-title":"disabled","ast-breadcrumbs-content":"","ast-featured-img":"disabled","footer-sml-layout":"","ast-disable-related-posts":"","theme-transparent-header-meta":"default","adv-header-id-meta":"","stick-header-meta":"","header-above-stick-meta":"","header-main-stick-meta":"","header-below-stick-meta":"","astra-migrate-meta-layouts":"default","ast-page-background-enabled":"default","ast-page-background-meta":{"desktop":{"background-color":"","background-image":"","background-repeat":"repeat","background-position":"center center","background-size":"auto","background-attachment":"scroll","background-type":"","background-media":"","overlay-type":"","overlay-color":"","overlay-opacity":"","overlay-gradient":""},"tablet":{"background-color":"","background-image":"","background-repeat":"repeat","background-position":"center center","background-size":"auto","background-attachment":"scroll","background-type":"","background-media":"","overlay-type":"","overlay-color":"","overlay-opacity":"","overlay-gradient":""},"mobile":{"background-color":"","background-image":"","background-repeat":"repeat","background-position":"center center","background-size":"auto","background-attachment":"scroll","background-type":"","background-media":"","overlay-type":"","overlay-color":"","overlay-opacity":"","overlay-gradient":""}},"ast-content-background-meta":{"desktop":{"background-color":"var(--ast-global-color-5)","background-image":"","background-repeat":"repeat","background-position":"center center","background-size":"auto","background-attachment":"scroll","background-type":"","background-media":"","overlay-type":"","overlay-color":"","overlay-opacity":"","overlay-gradient":""},"tablet":{"background-color":"var(--ast-global-color-5)","background-image":"","background-repeat":"repeat","background-position":"center center","background-size":"auto","background-attachment":"scroll","background-type":"","background-media":"","overlay-type":"","overlay-color":"","overlay-opacity":"","overlay-gradient":""},"mobile":{"background-color":"var(--ast-global-color-5)","background-image":"","background-repeat":"repeat","background-position":"center center","background-size":"auto","background-attachment":"scroll","background-type":"","background-media":"","overlay-type":"","overlay-color":"","overlay-opacity":"","overlay-gradient":""}},"footnotes":""},"class_list":["post-1605","page","type-page","status-publish","hentry"],"yoast_head":"<!-- This site is optimized with the Yoast SEO plugin v27.4 - https:\/\/yoast.com\/product\/yoast-seo-wordpress\/ -->\n<title>Legal notice - Classical Music Digest<\/title>\n<meta name=\"robots\" content=\"noindex, follow\" \/>\n<meta property=\"og:locale\" content=\"en_US\" \/>\n<meta property=\"og:type\" content=\"article\" \/>\n<meta property=\"og:title\" content=\"Legal notice - Classical Music Digest\" \/>\n<meta property=\"og:description\" content=\"LEGAL NOTICE En application de la loi 2000-719 du 1er ao\u00fbt 2000 relative \u00e0 la libert\u00e9 de communication, modifiant la loi 86-1067 du 30 septembre 1986 relative \u00e0 la libert\u00e9 de communication, vous trouverez ci-dessous les informations l\u00e9gales concernant ce site : Gestion \u00e9ditoriale La gestion \u00e9ditoriale de ce site est assur\u00e9e par Christian de [&hellip;]\" \/>\n<meta property=\"og:url\" content=\"https:\/\/www.classical-music-digest.com\/en\/legal-notice\/\" \/>\n<meta property=\"og:site_name\" content=\"Classical Music Digest\" \/>\n<meta property=\"article:modified_time\" content=\"2021-09-10T15:35:11+00:00\" \/>\n<meta name=\"twitter:card\" content=\"summary_large_image\" \/>\n<meta name=\"twitter:label1\" content=\"Est. reading time\" \/>\n\t<meta name=\"twitter:data1\" content=\"2 minutes\" \/>\n<script type=\"application\/ld+json\" class=\"yoast-schema-graph\">{\"@context\":\"https:\\\/\\\/schema.org\",\"@graph\":[{\"@type\":\"WebPage\",\"@id\":\"https:\\\/\\\/www.classical-music-digest.com\\\/en\\\/legal-notice\\\/\",\"url\":\"https:\\\/\\\/www.classical-music-digest.com\\\/en\\\/legal-notice\\\/\",\"name\":\"Legal notice - Classical Music Digest\",\"isPartOf\":{\"@id\":\"https:\\\/\\\/www.classical-music-digest.com\\\/en\\\/#website\"},\"datePublished\":\"2021-06-07T13:36:21+00:00\",\"dateModified\":\"2021-09-10T15:35:11+00:00\",\"breadcrumb\":{\"@id\":\"https:\\\/\\\/www.classical-music-digest.com\\\/en\\\/legal-notice\\\/#breadcrumb\"},\"inLanguage\":\"en-US\",\"potentialAction\":[{\"@type\":\"ReadAction\",\"target\":[\"https:\\\/\\\/www.classical-music-digest.com\\\/en\\\/legal-notice\\\/\"]}]},{\"@type\":\"BreadcrumbList\",\"@id\":\"https:\\\/\\\/www.classical-music-digest.com\\\/en\\\/legal-notice\\\/#breadcrumb\",\"itemListElement\":[{\"@type\":\"ListItem\",\"position\":1,\"name\":\"Home\",\"item\":\"https:\\\/\\\/www.classical-music-digest.com\\\/\"},{\"@type\":\"ListItem\",\"position\":2,\"name\":\"Legal notice\"}]},{\"@type\":\"WebSite\",\"@id\":\"https:\\\/\\\/www.classical-music-digest.com\\\/en\\\/#website\",\"url\":\"https:\\\/\\\/www.classical-music-digest.com\\\/en\\\/\",\"name\":\"Classical Music Digest\",\"description\":\"\",\"potentialAction\":[{\"@type\":\"SearchAction\",\"target\":{\"@type\":\"EntryPoint\",\"urlTemplate\":\"https:\\\/\\\/www.classical-music-digest.com\\\/en\\\/?s={search_term_string}\"},\"query-input\":{\"@type\":\"PropertyValueSpecification\",\"valueRequired\":true,\"valueName\":\"search_term_string\"}}],\"inLanguage\":\"en-US\"}]}<\/script>\n<!-- \/ Yoast SEO plugin. -->","yoast_head_json":{"title":"Legal notice - Classical Music Digest","robots":{"index":"noindex","follow":"follow"},"og_locale":"en_US","og_type":"article","og_title":"Legal notice - Classical Music Digest","og_description":"LEGAL NOTICE En application de la loi 2000-719 du 1er ao\u00fbt 2000 relative \u00e0 la libert\u00e9 de communication, modifiant la loi 86-1067 du 30 septembre 1986 relative \u00e0 la libert\u00e9 de communication, vous trouverez ci-dessous les informations l\u00e9gales concernant ce site : Gestion \u00e9ditoriale La gestion \u00e9ditoriale de ce site est assur\u00e9e par Christian de [&hellip;]","og_url":"https:\/\/www.classical-music-digest.com\/en\/legal-notice\/","og_site_name":"Classical Music Digest","article_modified_time":"2021-09-10T15:35:11+00:00","twitter_card":"summary_large_image","twitter_misc":{"Est. reading time":"2 minutes"},"schema":{"@context":"https:\/\/schema.org","@graph":[{"@type":"WebPage","@id":"https:\/\/www.classical-music-digest.com\/en\/legal-notice\/","url":"https:\/\/www.classical-music-digest.com\/en\/legal-notice\/","name":"Legal notice - Classical Music Digest","isPartOf":{"@id":"https:\/\/www.classical-music-digest.com\/en\/#website"},"datePublished":"2021-06-07T13:36:21+00:00","dateModified":"2021-09-10T15:35:11+00:00","breadcrumb":{"@id":"https:\/\/www.classical-music-digest.com\/en\/legal-notice\/#breadcrumb"},"inLanguage":"en-US","potentialAction":[{"@type":"ReadAction","target":["https:\/\/www.classical-music-digest.com\/en\/legal-notice\/"]}]},{"@type":"BreadcrumbList","@id":"https:\/\/www.classical-music-digest.com\/en\/legal-notice\/#breadcrumb","itemListElement":[{"@type":"ListItem","position":1,"name":"Home","item":"https:\/\/www.classical-music-digest.com\/"},{"@type":"ListItem","position":2,"name":"Legal notice"}]},{"@type":"WebSite","@id":"https:\/\/www.classical-music-digest.com\/en\/#website","url":"https:\/\/www.classical-music-digest.com\/en\/","name":"Classical Music Digest","description":"","potentialAction":[{"@type":"SearchAction","target":{"@type":"EntryPoint","urlTemplate":"https:\/\/www.classical-music-digest.com\/en\/?s={search_term_string}"},"query-input":{"@type":"PropertyValueSpecification","valueRequired":true,"valueName":"search_term_string"}}],"inLanguage":"en-US"}]}},"_links":{"self":[{"href":"https:\/\/www.classical-music-digest.com\/en\/wp-json\/wp\/v2\/pages\/1605","targetHints":{"allow":["GET"]}}],"collection":[{"href":"https:\/\/www.classical-music-digest.com\/en\/wp-json\/wp\/v2\/pages"}],"about":[{"href":"https:\/\/www.classical-music-digest.com\/en\/wp-json\/wp\/v2\/types\/page"}],"author":[{"embeddable":true,"href":"https:\/\/www.classical-music-digest.com\/en\/wp-json\/wp\/v2\/users\/1"}],"replies":[{"embeddable":true,"href":"https:\/\/www.classical-music-digest.com\/en\/wp-json\/wp\/v2\/comments?post=1605"}],"version-history":[{"count":5,"href":"https:\/\/www.classical-music-digest.com\/en\/wp-json\/wp\/v2\/pages\/1605\/revisions"}],"predecessor-version":[{"id":1850,"href":"https:\/\/www.classical-music-digest.com\/en\/wp-json\/wp\/v2\/pages\/1605\/revisions\/1850"}],"wp:attachment":[{"href":"https:\/\/www.classical-music-digest.com\/en\/wp-json\/wp\/v2\/media?parent=1605"}],"curies":[{"name":"wp","href":"https:\/\/api.w.org\/{rel}","templated":true}]}}